{"id":500,"date":"2012-01-11T16:00:49","date_gmt":"2012-01-11T16:00:49","guid":{"rendered":"http:\/\/www.geam.org.py\/v3\/"},"modified":"2012-01-12T17:56:34","modified_gmt":"2012-01-12T17:56:34","slug":"cooperacion","status":"publish","type":"page","link":"https:\/\/www.geam.org.py\/v3\/cooperacion\/","title":{"rendered":"Cooperaci\u00f3n"},"content":{"rendered":"<p><p><div class=\"p_table\"><div class=\"caption_column\" style=\"width:350px;\"><ul><li class=\"header_row_1 align_center radius5_topleft\"><\/li><li class=\"header_row_2\"><div class=\"caption hh2\">Cooperaci\u00f3n <span>Actual<\/span>  <\/div><\/li><li style=\"height:35px\" class=\"row_style_4\"><span>MOPC - Ministerio de Obras P\u00fablicas y Comunicaciones<\/span><\/li><li style=\"height:35px\" class=\"row_style_2\"><span>ITAIPU BINACIONAL<\/span><\/li><li style=\"height:35px\" class=\"row_style_4\"><span>CONACYT - Consejo Nacional de Ciencia y Tecnolog\u00eda<\/span><\/li><li style=\"height:35px\" class=\"row_style_2\"><span>Secretar\u00eda de Desarrollo para Repatriados y Refugiados Connacionales (SEDERREC)<\/span><\/li><li style=\"height:35px\" class=\"row_style_4\"><span>ITAIPU BINACIONAL<\/span><\/li><li style=\"height:35px\" class=\"row_style_2\"><span>ITAIPU BINACIONAL<\/span><\/li><li style=\"height:35px\" class=\"row_style_4\"><span>Worl Trade Center - Asunci\u00f3n <\/span><\/li><li style=\"height:35px\" class=\"row_style_2\"><span>Banco Ita\u00fa<\/span><\/li><li style=\"height:35px\" class=\"row_style_4\"><span>Visi\u00f3n Banco<\/span><\/li><li style=\"height:35px\" class=\"row_style_2\"><span>GESTI\u00d3N AMBIENTAL - GEAM <\/span><\/li><li style=\"height:35px\" class=\"row_style_4\"><span>Arquitectura Vital - Constructora<\/span><\/li><li class=\"footer_row\"><\/li><\/ul><\/div><div class=\"column_1\" style=\"width:400px;\"><ul><li class=\"header_row_1 align_center\"><div class=\"col1 hh2\">GESTI\u00d3N AMBIENTAL - GEAM<\/div><\/li><li class=\"header_row_2 align_center\"><div class=\"col1 hh1\" style=\"margin-bottom:10px;\"><font style=\"font-size:20px;\"><\/font><span>P R O Y E  C T O S<\/span><\/div><div class=\"col1 hh3\"><\/div><\/li><li style=\"height:35px\" class=\"row_style_3 align_center\"><span>Servicios de Consultor\u00eda para la Elaboraci\u00f3n del Plan de Gesti\u00f3n Social para la implementaci\u00f3n del METROBUS<\/span><\/li><li style=\"height:35px\" class=\"row_style_1 align_center\"><span>Plan de Ordenamiento Territorial y Ambiental del Municipio y Plan Director de la Ciudad de Nueva Esperanza<\/span><\/li><li style=\"height:35px\" class=\"row_style_3 align_center\"><span>Situaci\u00f3n de los deshechos de Aparatos ELECTR\u00d3NICOS (computadoras y celulares y accesorios) obsoletos en el Paraguay y la Gesti\u00f3n para el reuso, recolecci\u00f3n selectiva, tratamiento, recuperaci\u00f3n de residuos y destino final con minimizaci\u00f3n de pasivos ambientales.<\/span><\/li><li style=\"height:35px\" class=\"row_style_1 align_center\"><span>Consultor\u00eda para la ejecuci\u00f3n del proceso de selecci\u00f3n y seguimiento de participantes del Programa de Reinserci\u00f3n apoyo a emprededores retornados de la (SEDERREC)<\/span><\/li><li style=\"height:35px\" class=\"row_style_3 align_center\"><span>Gesti\u00f3n Sustentable de Residuos en las Oficinas Centrales De Itaipu Binacional - Asunci\u00f3n<\/span><\/li><li style=\"height:35px\" class=\"row_style_1 align_center\"><span>Plan de Ordenamiento Territorial y Ambiental para el Distrito de Mbaracay\u00fa en el Departamento de Alto Paran\u00e1<\/span><\/li><li style=\"height:35px\" class=\"row_style_3 align_center\"><span>PROCICLA<\/span><\/li><li style=\"height:35px\" class=\"row_style_1 align_center\"><span>PROCICLA<\/span><\/li><li style=\"height:35px\" class=\"row_style_3 align_center\"><span>PROCICLA<\/span><\/li><li style=\"height:35px\" class=\"row_style_1 align_center\"><span>PROCICLA<\/span><\/li><li style=\"height:35px\" class=\"row_style_3 align_center\"><span>Consultoria - Elaboraci\u00f3n de Catastro Urbano y Rural de Distrito de Minga Guaz\u00fa y la Delimitaci\u00f3n de la Zona Urbano y Centros Urbanizados.<\/span><\/li><li class=\"footer_row\"><\/li><\/ul><\/div><\/div><div style=\"clear:both;\"><\/div><\/p><br \/>\n<p><div class=\"p_table\"><div class=\"caption_column\" style=\"width:450px;\"><ul><li class=\"header_row_1 align_center radius5_topleft\"><\/li><li class=\"header_row_2\"><div class=\"caption hh2\">Cooperaci\u00f3n <span>anterior<\/span> <\/div><\/li><li style=\"height:35px\" class=\"row_style_4\"><span><\/span><\/li><li style=\"height:35px\" class=\"row_style_2\"><span><\/span><\/li><li style=\"height:35px\" class=\"row_style_4\"><span><\/span><\/li><li style=\"height:35px\" class=\"row_style_2\"><span><\/span><\/li><li style=\"height:35px\" class=\"row_style_4\"><span><\/span><\/li><li style=\"height:35px\" class=\"row_style_2\"><span><\/span><\/li><li style=\"height:35px\" class=\"row_style_4\"><span>USAID Agencia de los Estados Unidos para el Desarrollo Internacional<\/span><\/li><li style=\"height:35px\" class=\"row_style_2\"><span>INDERT - Instituto Nacional de Desarrollo Rural y de la Tierra<\/span><\/li><li style=\"height:35px\" class=\"row_style_4\"><span>PARESA Paraguay Refrescos S.A<\/span><\/li><li style=\"height:35px\" class=\"row_style_2\"><span>PNUD - Programa de las Naciones Unidas para el Desarrollo<\/span><\/li><li style=\"height:35px\" class=\"row_style_4\"><span>PETROBRAS<\/span><\/li><li style=\"height:35px\" class=\"row_style_2\"><span>EMPO Ltda. y Asociados<\/span><\/li><li style=\"height:35px\" class=\"row_style_4\"><span>USAID - Agencia de los Estados Unidos para el Desarrollo Internacional<\/span><\/li><li style=\"height:35px\" class=\"row_style_2\"><span>Centro Cooperativo Sueco (SCC)<\/span><\/li><li style=\"height:35px\" class=\"row_style_4\"><span>Fundaci\u00f3n AVINA<\/span><\/li><li style=\"height:35px\" class=\"row_style_2\"><span>PNUD - Programa de las Naciones Unidas para el Desarrollo<\/span><\/li><li style=\"height:35px\" class=\"row_style_4\"><span>Fondos Canad\u00e1<\/span><\/li><li style=\"height:35px\" class=\"row_style_2\"><span>Financiera El Comercio SAECA<\/span><\/li><li style=\"height:35px\" class=\"row_style_4\"><span>Entidad Binacional YACYRETA<\/span><\/li><li style=\"height:35px\" class=\"row_style_2\"><span>Uni\u00f3n Iberoamericana de Municipalistas - Municpya<\/span><\/li><li style=\"height:35px\" class=\"row_style_4\"><span>Municipalidad de San Pedro<\/span><\/li><li style=\"height:35px\" class=\"row_style_2\"><span>ERPAR S.A.E.<\/span><\/li><li style=\"height:35px\" class=\"row_style_4\"><span>ACDI VOCA<\/span><\/li><li style=\"height:35px\" class=\"row_style_2\"><span>Pl\u00e1sticos Pa'i Puku<\/span><\/li><li style=\"height:35px\" class=\"row_style_4\"><span>Municipalidad de Yatytay<\/span><\/li><li style=\"height:35px\" class=\"row_style_2\"><span>JICA<\/span><\/li><li style=\"height:35px\" class=\"row_style_4\"><span>Municipalidad de Jos\u00e9 Falc\u00f3n<\/span><\/li><li style=\"height:35px\" class=\"row_style_2\"><span>Junta de Saneamiento de Itaugu\u00e1<\/span><\/li><li style=\"height:35px\" class=\"row_style_4\"><span>Municipalidad de San Estanislao<\/span><\/li><li style=\"height:35px\" class=\"row_style_2\"><span>SERVICIOS C.A.S.<\/span><\/li><li style=\"height:35px\" class=\"row_style_4\"><span>ORDAZUR<\/span><\/li><li style=\"height:35px\" class=\"row_style_2\"><span>Foster Parents Internacional Inc.<\/span><\/li><li style=\"height:35px\" class=\"row_style_4\"><span>Direcci\u00f3n Nacional de Contrataciones P\u00fablicas<\/span><\/li><li style=\"height:35px\" class=\"row_style_2\"><span>Municipalidad de Capit\u00e1n Meza<\/span><\/li><li style=\"height:35px\" class=\"row_style_4\"><span>Municipalidad de Capit\u00e1n Miranda<\/span><\/li><li style=\"height:35px\" class=\"row_style_2\"><span>Banco BBVA<\/span><\/li><li style=\"height:35px\" class=\"row_style_4\"><span>ADM PY<\/span><\/li><li style=\"height:35px\" class=\"row_style_2\"><span>Municipalidad de San Estanislao<\/span><\/li><li style=\"height:35px\" class=\"row_style_4\"><span>Visi\u00f3n Banco<\/span><\/li><li style=\"height:35px\" class=\"row_style_2\"><span>Municipalidad de Filadelfia<\/span><\/li><li class=\"footer_row\"><\/li><\/ul><\/div><div class=\"column_1\" style=\"width:300px;\"><ul><li class=\"header_row_1 align_center\"><div class=\"col1 hh2\">GESTI\u00d3N AMBIENTAL - GEAM<\/div><\/li><li class=\"header_row_2 align_center\"><div class=\"col1 hh1\" style=\"margin-bottom:10px;\"><font style=\"font-size:20px;\"><\/font><span>P R O Y E C T O S<\/span><\/div><div class=\"col1 hh3\"><\/div><\/li><li style=\"height:35px\" class=\"row_style_3 align_center\"><span><\/span><\/li><li style=\"height:35px\" class=\"row_style_1 align_center\"><span><\/span><\/li><li style=\"height:35px\" class=\"row_style_3 align_center\"><span><\/span><\/li><li style=\"height:35px\" class=\"row_style_1 align_center\"><span><\/span><\/li><li style=\"height:35px\" class=\"row_style_3 align_center\"><span><\/span><\/li><li style=\"height:35px\" class=\"row_style_1 align_center\"><span><\/span><\/li><li style=\"height:35px\" class=\"row_style_3 align_center\"><span>Programa de Democracia Calidad en la Gesti\u00f3n P\u00fablica 2010 - 2013<\/span><\/li><li style=\"height:35px\" class=\"row_style_1 align_center\"><span>Capacitaci\u00f3n a funcionarios - Jornadas t\u00e9cnicas, talleres y Seminario sobre Reforma Agraria Integral<\/span><\/li><li style=\"height:35px\" class=\"row_style_3 align_center\"><span>Mejoramiento Ambiental del Arroyo Mbocayaty <\/span><\/li><li style=\"height:35px\" class=\"row_style_1 align_center\"><span>Fortalecimiento de gesti\u00f3n de recursos humanos p\u00fablicos con la SFP<\/span><\/li><li style=\"height:35px\" class=\"row_style_3 align_center\"><span>PROCICLA - Gesti\u00f3n Ambiental de residuos derivados del petr\u00f3leo<\/span><\/li><li style=\"height:35px\" class=\"row_style_1 align_center\"><span>PROCICLA<\/span><\/li><li style=\"height:35px\" class=\"row_style_3 align_center\"><span>Buena Gobernanza y Competencia Pol\u00edtica - 2007\/2010<\/span><\/li><li style=\"height:35px\" class=\"row_style_1 align_center\"><span>Desarrollo Integral de Municipios en Cordillera<\/span><\/li><li style=\"height:35px\" class=\"row_style_3 align_center\"><span>Ley de Aguas  - Apoyo a PROCICLA - Premiaci\u00f3n a Municipalidades de MIDAMOS<\/span><\/li><li style=\"height:35px\" class=\"row_style_1 align_center\"><span>Promoci\u00f3n del Servicio Civil (2010) - PROCICLA<\/span><\/li><li style=\"height:35px\" class=\"row_style_3 align_center\"><span>PROCICLA<\/span><\/li><li style=\"height:35px\" class=\"row_style_1 align_center\"><span>Mejoramiento de la Calidad de Vida de recicladores de basura de Asunci\u00f3n<\/span><\/li><li style=\"height:35px\" class=\"row_style_3 align_center\"><span>Evaluamos para Mejorar<\/span><\/li><li style=\"height:35px\" class=\"row_style_1 align_center\"><span>Programa Municipya de Fortalecimiento Municipal<\/span><\/li><li style=\"height:35px\" class=\"row_style_3 align_center\"><span>Estudio de impacto ambiental del vertedero y majader\u00eda<\/span><\/li><li style=\"height:35px\" class=\"row_style_1 align_center\"><span>Evaluaci\u00f3n Ambiental de la Planta Alcoholera de ERPAR S.A.E. en San Pedro<\/span><\/li><li style=\"height:35px\" class=\"row_style_3 align_center\"><span>Programa Iniciativa Zona Norte - Diagn\u00f3stico sobre Residuos S\u00f3lidos en San Pedro<\/span><\/li><li style=\"height:35px\" class=\"row_style_1 align_center\"><span>Asistencia T\u00e9cnica para el Programa de Implementaci\u00f3n de medidas ambientales<\/span><\/li><li style=\"height:35px\" class=\"row_style_3 align_center\"><span>Elaboraci\u00f3n de Catastro Urbano<\/span><\/li><li style=\"height:35px\" class=\"row_style_1 align_center\"><span>Sensibilizaci\u00f3n ciudadana y educaci\u00f3n ambiental<\/span><\/li><li style=\"height:35px\" class=\"row_style_3 align_center\"><span>Elaboraci\u00f3n del Catastro Municipal<\/span><\/li><li style=\"height:35px\" class=\"row_style_1 align_center\"><span>Red de Alcantarillado Sanitario<\/span><\/li><li style=\"height:35px\" class=\"row_style_3 align_center\"><span>Catastro Municipal<\/span><\/li><li style=\"height:35px\" class=\"row_style_1 align_center\"><span>PROCICLA<\/span><\/li><li style=\"height:35px\" class=\"row_style_3 align_center\"><span>Materiales y difusi\u00f3n sobre Ordenamiento ambiental del territorio en Paraguay<\/span><\/li><li style=\"height:35px\" class=\"row_style_1 align_center\"><span>Fortalecimiento de Comisiones de Agua Potable<\/span><\/li><li style=\"height:35px\" class=\"row_style_3 align_center\"><span>PROCICLA<\/span><\/li><li style=\"height:35px\" class=\"row_style_1 align_center\"><span>Asesoramiento T\u00e9cnico para el Dise\u00f1o de un Relleno Sanitario<\/span><\/li><li style=\"height:35px\" class=\"row_style_3 align_center\"><span>Mensura y planificaci\u00f3n f\u00edsica urban\u00edstica de la zona urbana de Cptan. Miranda<\/span><\/li><li style=\"height:35px\" class=\"row_style_1 align_center\"><span>PROCICLA<\/span><\/li><li style=\"height:35px\" class=\"row_style_3 align_center\"><span>Programa de Gesti\u00f3n y Cultura Ambiental para ADM PY<\/span><\/li><li style=\"height:35px\" class=\"row_style_1 align_center\"><span>Catastro Municipal<\/span><\/li><li style=\"height:35px\" class=\"row_style_3 align_center\"><span>Programa de gesti\u00f3n ambiental de residuos s\u00f3lidos<\/span><\/li><li style=\"height:35px\" class=\"row_style_1 align_center\"><span>Gesti\u00f3n Ambiental del territorio, fortalecimiento de la descentralizaci\u00f3n y desarrollo sustentable<\/span><\/li><li class=\"footer_row\"><\/li><\/ul><\/div><\/div><div style=\"clear:both;\"><\/div><\/p><\/p>\n","protected":false},"excerpt":{"rendered":"","protected":false},"author":4,"featured_media":0,"parent":0,"menu_order":0,"comment_status":"open","ping_status":"closed","template":"","meta":[],"_links":{"self":[{"href":"https:\/\/www.geam.org.py\/v3\/wp-json\/wp\/v2\/pages\/500"}],"collection":[{"href":"https:\/\/www.geam.org.py\/v3\/wp-json\/wp\/v2\/pages"}],"about":[{"href":"https:\/\/www.geam.org.py\/v3\/wp-json\/wp\/v2\/types\/page"}],"author":[{"embeddable":true,"href":"https:\/\/www.geam.org.py\/v3\/wp-json\/wp\/v2\/users\/4"}],"replies":[{"embeddable":true,"href":"https:\/\/www.geam.org.py\/v3\/wp-json\/wp\/v2\/comments?post=500"}],"version-history":[{"count":1,"href":"https:\/\/www.geam.org.py\/v3\/wp-json\/wp\/v2\/pages\/500\/revisions"}],"predecessor-version":[{"id":501,"href":"https:\/\/www.geam.org.py\/v3\/wp-json\/wp\/v2\/pages\/500\/revisions\/501"}],"wp:attachment":[{"href":"https:\/\/www.geam.org.py\/v3\/wp-json\/wp\/v2\/media?parent=500"}],"curies":[{"name":"wp","href":"https:\/\/api.w.org\/{rel}","templated":true}]}}