{"id":4,"date":"2011-10-10T19:15:48","date_gmt":"2011-10-10T19:15:48","guid":{"rendered":"http:\/\/www.geam.org.py\/v3\/"},"modified":"2024-02-09T08:33:05","modified_gmt":"2024-02-09T12:33:05","slug":"nosotros","status":"publish","type":"page","link":"https:\/\/www.geam.org.py\/v3\/nosotros\/","title":{"rendered":"Nosotros"},"content":{"rendered":"<h4>De los Fines y Objetivos\u00a0 de geAm<\/h4>\n<p>Art. 2.- La ASOCIACI\u00d3N tendr\u00e1 como finalidad, el Desarrollo Sustentable del Paraguay, en el marco de una cultura de la paz, de la democracia participativa, de los derechos humanos y de la durabilidad de los recursos naturales.<\/p>\n<p><strong> Son objetivos de la ASOCIACI\u00d3N:<\/strong><\/p>\n<ol>\n<li>Promover soluciones pr\u00e1cticas y apropiadas a la problem\u00e1tica social y ambiental del pa\u00eds.<\/li>\n<li>Desarrollar investigaciones y propuestas innovadoras de intervenci\u00f3n socio ambiental.<\/li>\n<li>Obtener, destinar y administrar recursos para proyectos de desarrollo sustentable.<\/li>\n<li>Administrar fondos provenientes de pr\u00e9stamos internacionales, de la cooperaci\u00f3n t\u00e9cnica y financiera internacional, de la filantrop\u00eda nacional o internacional, de empresas y fundaciones empresariales, de organismos bilaterales o multilaterales, del gobierno nacional y gobiernos de otros pa\u00edses, as\u00ed como de particulares, para el mejoramiento de la calidad de vida de comunidades, pueblos y culturas del Paraguay.<\/li>\n<li>Desarrollar la cultura de responsabilidad social y ambiental empresarial.<\/li>\n<li>Crear alianzas para potenciar los objetivos y resultados de la instituci\u00f3n.<\/li>\n<li>Impulsar proyectos cuyos beneficiarios sean los grupos vulnerables de la sociedad.<\/li>\n<li>Coadyuvar en el desarrollo de propuestas e iniciativas de superaci\u00f3n de las causas estructurales de la pobreza del pa\u00eds.<\/li>\n<li>Realizar todo tipo de actividad social, ambiental, cultural y econ\u00f3mica, que le est\u00e9 permitido por \u00e9stos estatutos y\u00a0 por el C\u00f3digo Civil del pa\u00eds y de acuerdo a la legislaci\u00f3n nacional vigente.<\/li>\n<\/ol>\n<p>Para el cumplimiento de sus fines y objetivos, la ASOCIACI\u00d3N tendr\u00e1 la m\u00e1s amplia capacidad jur\u00eddica por intermedio de sus representantes legales para realizar toda clase de actos y celebrar toda clase de contratos permitidos por las leyes, incluso la de asociarse a &#8211; y\/o formar parte de \u2013 sociedades comerciales en car\u00e1cter de socias o accionistas, as\u00ed como de otras entidades si<\/p>\n<h4>Principios de geAm<\/h4>\n<p>Nos adherimos al desarrollo humano como filosof\u00eda en el sentido que buscamos un mundo mejor donde permanezca el ser humano y particular sus valores de:<\/p>\n<ul>\n<li>Respeto a la diversidad cultural e ideol\u00f3gica<\/li>\n<li>Honestidad y transparencia en la gesti\u00f3n<\/li>\n<li>Calidad, racionalidad y eficiencia<\/li>\n<li>Innovaci\u00f3n y sinergia en las acciones<\/li>\n<\/ul>\n<h4>Visi\u00f3n<\/h4>\n<h3>Organizaci\u00f3n Confiable, Creativa y Referente en el Desarrollo Sustentable.<\/h3>\n<h4>Misi\u00f3n<\/h4>\n<h3>Gestionar la Sustentabilidad del Desarrollo Integrando las dimensiones econ\u00f3micas, sociales y ambientales y articulando iniciativas p\u00fablicas y privadas.<\/h3>\n<h4>Miembros Fundadores<\/h4>\n<ul>\n<li>Jorge Abbate<\/li>\n<li>Mar\u00eda Victoria Rojas<\/li>\n<li>Reinaldo Penner<\/li>\n<li>Antonio Momp\u00f3<\/li>\n<li>Genaro Riera<\/li>\n<li>Patricia Dos Santos<\/li>\n<li>Agust\u00edn Carrizosa<\/li>\n<li>Annie Granada<\/li>\n<li>Soledad Mart\u00ednez<\/li>\n<li>Alter Vida<\/li>\n<\/ul>\n<h4>Consejo Directivo ( 2022 &#8211; 2025)<\/h4>\n<ul>\n<li>Jorge Abbate<\/li>\n<li>Jos\u00e9 Ibarra<\/li>\n<li>Ver\u00f3nica Serafini<\/li>\n<li>Dominique Demelenne<\/li>\n<li>Tomas Salomoni<\/li>\n<li>Daniela Solis<\/li>\n<li>Jos\u00e9 Mac Long<\/li>\n<\/ul>\n<h4>Sindico (2022 &#8211; 2025)<\/h4>\n<ul>\n<li>Juan Mernes<\/li>\n<\/ul>\n<h4>Director Ejecutivo<\/h4>\n<p><a href=\"mailto:direccion@geam.org.py\">Jorge Abbate<\/a> &#8211;<a href=\"http:\/\/www.geam.org.py\/v3\/uploads\/2011\/10\/Curriculum-Vitae-Jorge-Abbate.pdf\"> Ver breve rese\u00f1a aqu\u00ed<\/a><\/p>\n<h4>Estatuto<\/h4>\n<p>Para descargar nuestro estatuto haga <a href=\"http:\/\/www.geam.org.py\/V2\/doc\/estatuto_social_2.pdf\" target=\"_blank\" rel=\"noopener\">click aqu\u00ed<\/a><\/p>\n","protected":false},"excerpt":{"rendered":"<p>De los Fines y Objetivos\u00a0 de geAm Art. 2.- La ASOCIACI\u00d3N tendr\u00e1 como finalidad, el Desarrollo Sustentable del Paraguay, en el marco de una cultura de la paz, de la democracia participativa, de los derechos humanos y de la durabilidad de los recursos naturales. Son objetivos de la ASOCIACI\u00d3N: Promover soluciones pr\u00e1cticas y apropiadas a [&hellip;]<\/p>\n","protected":false},"author":1,"featured_media":0,"parent":0,"menu_order":0,"comment_status":"open","ping_status":"open","template":"","meta":[],"_links":{"self":[{"href":"https:\/\/www.geam.org.py\/v3\/wp-json\/wp\/v2\/pages\/4"}],"collection":[{"href":"https:\/\/www.geam.org.py\/v3\/wp-json\/wp\/v2\/pages"}],"about":[{"href":"https:\/\/www.geam.org.py\/v3\/wp-json\/wp\/v2\/types\/page"}],"author":[{"embeddable":true,"href":"https:\/\/www.geam.org.py\/v3\/wp-json\/wp\/v2\/users\/1"}],"replies":[{"embeddable":true,"href":"https:\/\/www.geam.org.py\/v3\/wp-json\/wp\/v2\/comments?post=4"}],"version-history":[{"count":2,"href":"https:\/\/www.geam.org.py\/v3\/wp-json\/wp\/v2\/pages\/4\/revisions"}],"predecessor-version":[{"id":2741,"href":"https:\/\/www.geam.org.py\/v3\/wp-json\/wp\/v2\/pages\/4\/revisions\/2741"}],"wp:attachment":[{"href":"https:\/\/www.geam.org.py\/v3\/wp-json\/wp\/v2\/media?parent=4"}],"curies":[{"name":"wp","href":"https:\/\/api.w.org\/{rel}","templated":true}]}}