{"id":39,"date":"2011-10-13T12:55:16","date_gmt":"2011-10-13T12:55:16","guid":{"rendered":"http:\/\/www.geam.org.py\/v3\/"},"modified":"2012-01-06T14:53:44","modified_gmt":"2012-01-06T14:53:44","slug":"cooperaciones-sector-publico","status":"publish","type":"page","link":"https:\/\/www.geam.org.py\/v3\/cooperaciones-sector-publico\/","title":{"rendered":"Alianzas con el Sector P\u00fablico"},"content":{"rendered":"<p><div class=\"p_table\"><div class=\"caption_column\" style=\"width:450px;\"><ul><li class=\"header_row_1 align_center radius5_topleft\"><\/li><li class=\"header_row_2\"><div class=\"caption hh2\">Instituciones <span>p\u00fablicas<\/span> <\/div><\/li><li style=\"height:35px\" class=\"row_style_4\"><span>Secretar\u00eda de la Funci\u00f3n P\u00fablica<\/span><\/li><li style=\"height:35px\" class=\"row_style_2\"><span>Ministerio de Hacienda (Unidad de Econom\u00eda Social, Direcci\u00f3n General de Presupuetso, Servicio Nacional de Catastro)<\/span><\/li><li style=\"height:35px\" class=\"row_style_4\"><span>Secretar\u00eda T\u00e9cnica de Planificaci\u00f3n<\/span><\/li><li style=\"height:35px\" class=\"row_style_2\"><span>Municipalidad de Luque<\/span><\/li><li style=\"height:35px\" class=\"row_style_4\"><span>Ministerio de Educaci\u00f3n y Cultura<\/span><\/li><li style=\"height:35px\" class=\"row_style_2\"><span>Direcci\u00f3n Nacional de Contrataciones P\u00fablicas<\/span><\/li><li style=\"height:35px\" class=\"row_style_4\"><span><\/span><\/li><li class=\"footer_row\"><\/li><\/ul><\/div><div class=\"column_1\" style=\"width:300px;\"><ul><li class=\"header_row_1 align_center\"><div class=\"col1 hh2\">GESTI\u00d3N AMBIENTAL - GEAM<\/div><\/li><li class=\"header_row_2 align_center\"><div class=\"col1 hh1\" style=\"margin-bottom:10px;\"><font style=\"font-size:20px;\"><\/font><span>P R O Y E C T O S<\/span><\/div><div class=\"col1 hh3\"><\/div><\/li><li style=\"height:35px\" class=\"row_style_3 align_center\"><span>Promoci\u00f3n del Servicio Civil<\/span><\/li><li style=\"height:35px\" class=\"row_style_1 align_center\"><span>Evaluamos para Mejorar y Mejora de los procedimientos catastrales municipales<\/span><\/li><li style=\"height:35px\" class=\"row_style_3 align_center\"><span>Apoyo al ENEP y Promoci\u00f3n de la Sociedad de Gobierno Abierto<\/span><\/li><li style=\"height:35px\" class=\"row_style_1 align_center\"><span>Promoci\u00f3n del Servicio Civil<\/span><\/li><li style=\"height:35px\" class=\"row_style_3 align_center\"><span>Procicla<\/span><\/li><li style=\"height:35px\" class=\"row_style_1 align_center\"><span>Procicla<\/span><\/li><li style=\"height:35px\" class=\"row_style_3 align_center\"><span><\/span><\/li><li class=\"footer_row\"><\/li><\/ul><\/div><\/div><div style=\"clear:both;\"><\/div><\/p>\n","protected":false},"excerpt":{"rendered":"","protected":false},"author":1,"featured_media":0,"parent":0,"menu_order":0,"comment_status":"open","ping_status":"open","template":"","meta":[],"_links":{"self":[{"href":"https:\/\/www.geam.org.py\/v3\/wp-json\/wp\/v2\/pages\/39"}],"collection":[{"href":"https:\/\/www.geam.org.py\/v3\/wp-json\/wp\/v2\/pages"}],"about":[{"href":"https:\/\/www.geam.org.py\/v3\/wp-json\/wp\/v2\/types\/page"}],"author":[{"embeddable":true,"href":"https:\/\/www.geam.org.py\/v3\/wp-json\/wp\/v2\/users\/1"}],"replies":[{"embeddable":true,"href":"https:\/\/www.geam.org.py\/v3\/wp-json\/wp\/v2\/comments?post=39"}],"version-history":[{"count":1,"href":"https:\/\/www.geam.org.py\/v3\/wp-json\/wp\/v2\/pages\/39\/revisions"}],"predecessor-version":[{"id":41,"href":"https:\/\/www.geam.org.py\/v3\/wp-json\/wp\/v2\/pages\/39\/revisions\/41"}],"wp:attachment":[{"href":"https:\/\/www.geam.org.py\/v3\/wp-json\/wp\/v2\/media?parent=39"}],"curies":[{"name":"wp","href":"https:\/\/api.w.org\/{rel}","templated":true}]}}